{"id":440,"date":"2025-03-03T13:34:17","date_gmt":"2025-03-03T12:34:17","guid":{"rendered":"https:\/\/pharmalog.konzeptundgrafik.ch\/?page_id=440"},"modified":"2025-03-03T13:36:41","modified_gmt":"2025-03-03T12:36:41","slug":"impressum","status":"publish","type":"page","link":"https:\/\/pharmalog.konzeptundgrafik.ch\/index.php\/impressum\/","title":{"rendered":"Weiterf\u00fchrende Links"},"content":{"rendered":"\t\t<div data-elementor-type=\"wp-page\" data-elementor-id=\"440\" class=\"elementor elementor-440\">\n\t\t\t\t<div class=\"elementor-element elementor-element-593df626 e-flex e-con-boxed e-con e-parent\" data-id=\"593df626\" data-element_type=\"container\">\n\t\t\t\t\t<div class=\"e-con-inner\">\n\t\t\t\t<div class=\"elementor-element elementor-element-50b76db2 elementor-widget elementor-widget-text-editor\" data-id=\"50b76db2\" data-element_type=\"widget\" data-widget_type=\"text-editor.default\">\n\t\t\t\t<div class=\"elementor-widget-container\">\n\t\t\t\t\t\t\t\t\t\n<h2 class=\"wp-block-heading\">Hier kommt der Text zum den weiterf\u00fchrenden Links<\/h2>\n\n<p><strong>Beh\u00f6rden:<\/strong><\/p>\n<ul>\n<li><a href=\"http:\/\/www.bag.admin.ch\/\" target=\"_blank\" rel=\"noopener\">Bundesamt f\u00fcr Gesundheit\u00a0<\/a><\/li>\n<li><a href=\"http:\/\/www.swissmedic.ch\/\" target=\"_blank\" rel=\"noopener\">swissmedic Schweizerisches Heilmittelinstitut<\/a><\/li>\n<li><a href=\"http:\/\/www.ema.europa.eu\" target=\"_blank\" rel=\"noopener\">EMEA European Medicines Agency<\/a><\/li>\n<\/ul>\n<p><strong>Industrie:<\/strong><\/p>\n<ul>\n<li><a href=\"http:\/\/www.assgp.ch\/\" target=\"_blank\" rel=\"noopener\">ASSGP Schweizerischer Fachverband der Hersteller rezeptfreier Heilmittel<\/a><\/li>\n<li><a href=\"https:\/\/www.swiss-medtech.ch\/\" target=\"_blank\" rel=\"noopener\">SWISS MEDTECH Industrievereinigungen der Medizinaltechnik<\/a><\/li>\n<li><a href=\"http:\/\/www.interpharma.ch\/\" target=\"_blank\" rel=\"noopener\">Interpharma Verband der forschenden pharmazeutischen Firmen der Schweiz<\/a><\/li>\n<li><a href=\"http:\/\/www.intergenerika.ch\/\" target=\"_blank\" rel=\"noopener\">Intergenerika Verein zur F\u00f6rderung der Akzeptanz von Generika<\/a><\/li>\n<li><a href=\"http:\/\/www.swissbiotechassociation.ch\/\" target=\"_blank\" rel=\"noopener\">SBA Swiss Biotech Association<\/a><\/li>\n<li><a href=\"http:\/\/www.sgci.ch\/\" target=\"_blank\" rel=\"noopener\">scienceindustries Wirtschaftsverband Chemie Pharma Life Sciences<\/a><\/li>\n<li><a href=\"http:\/\/www.skw-cds.ch\/\" target=\"_blank\" rel=\"noopener\">SKW Schweizerischer Kosmetik- und Waschmittelverband<\/a><\/li>\n<li><a href=\"http:\/\/www.svkh.ch\/\" target=\"_blank\" rel=\"noopener\">SVKH Schweizerischer Verband f\u00fcr komplement\u00e4rmedizinische Heilmittel<\/a><\/li>\n<li><a href=\"http:\/\/www.vips.ch\/\" target=\"_blank\" rel=\"noopener\">VIPS Vereinigung Pharmafirmen in der Schweiz<\/a><\/li>\n<li><a href=\"http:\/\/www.efpia.eu\/\" target=\"_blank\" rel=\"noopener\">EFPIA The European Federation of Pharmaceutical Industries and Associations<\/a><\/li>\n<li><a href=\"http:\/\/www.eaepc.eu\/\" target=\"_blank\" rel=\"noopener\">EAEPC European Association of Euro-Pharmaceutical companies<\/a><\/li>\n<li><a href=\"https:\/\/www.medicinesforeurope.com\/\">Medicines for Europe European generic and biosimilar industries<\/a><\/li>\n<li><a href=\"http:\/\/www.ifpma.org\/\" target=\"_blank\" rel=\"noopener\">IFPMA International Federation of Pharmaceutical Manufacturers &amp; Associations<\/a><\/li>\n<li>GRIP <a href=\"http:\/\/grip-pharma.ch\">Pharma Groupement Romand de l\u2019industrie Pharmaceutique<\/a><\/li>\n<\/ul>\n<p><strong>Leistungserbringer:<\/strong><\/p>\n<ul>\n<li><a href=\"http:\/\/www.fmh.ch\/\" target=\"_blank\" rel=\"noopener\">Verbindung der Schweizer \u00c4rztinnen und \u00c4rzte<\/a><\/li>\n<li><a href=\"http:\/\/www.pharmasuisse.org\" target=\"_blank\" rel=\"noopener\">pharmaSuisse \u2013 Schweizerischer Apothekerverband<\/a><\/li>\n<li><a href=\"http:\/\/www.drogistenverband.ch\/\" target=\"_blank\" rel=\"noopener\">SDV Schweizerisches Drogistenverband<\/a><\/li>\n<li><a href=\"http:\/\/www.pgeu.org\/\" target=\"_blank\" rel=\"noopener\">PGEU Pharmaceutical Group of the European Union<\/a><\/li>\n<\/ul>\n<p><strong>Pharmagrossh\u00e4ndler international:<\/strong><\/p>\n<ul>\n<li><a href=\"http:\/\/www.girp.eu\/\" target=\"_blank\" rel=\"noopener\">GIRP Groupement International de la R\u00e9partition Pharmaceutique Europ\u00e9enne<\/a><\/li>\n<li><a href=\"http:\/\/www.phagro.de\/\" target=\"_blank\" rel=\"noopener\">PHAGRO Bundesverband des pharmazeutischen Gro\u00dfhandels<\/a><\/li>\n<li><a href=\"http:\/\/www.csrp.fr\/\" target=\"_blank\" rel=\"noopener\">CSRP Chambre Syndicale de la R\u00e9partition Pharmaceutique<\/a><\/li>\n<li><a href=\"http:\/\/www.argepgh.at\/\" target=\"_blank\" rel=\"noopener\">ARGEPGH Vereinigung der pharmazeutischen Vollgro\u00dfh\u00e4ndler \u00d6sterreichs<\/a><\/li>\n<li><a href=\"http:\/\/www.adfsalute.it\/\" target=\"_blank\" rel=\"noopener\">ADF Associazione Distributori Farmaceutici<\/a><\/li>\n<li><a href=\"http:\/\/www.healthcaredistribution.org\/\" target=\"_blank\" rel=\"noopener\">HDMA Healthcare Distribution Management Association<\/a><\/li>\n<li><a href=\"http:\/\/www.ifpw.com\/\" target=\"_blank\" rel=\"noopener\">IFPW International Federation of Pharmaceutical Wholesalers<\/a><\/li>\n<\/ul>\n<p><strong>Versicherer:<\/strong><\/p>\n<ul>\n<li><a href=\"https:\/\/curafutura.ch\/\" target=\"_blank\" rel=\"noopener\">curafutura<\/a><\/li>\n<li><a href=\"http:\/\/www.santesuisse.ch\/\" target=\"_blank\" rel=\"noopener\">sant\u00e9suisse<\/a><\/li>\n<\/ul>\n\n<p>\u00a0<\/p>\t\t\t\t\t\t\t\t<\/div>\n\t\t\t\t<\/div>\n\t\t\t\t\t<\/div>\n\t\t\t\t<\/div>\n\t\t\t\t<\/div>\n\t\t","protected":false},"excerpt":{"rendered":"<p>Hier kommt der Text zum den weiterf\u00fchrenden Links Beh\u00f6rden: Bundesamt f\u00fcr Gesundheit\u00a0 swissmedic Schweizerisches Heilmittelinstitut EMEA European Medicines Agency Industrie: ASSGP Schweizerischer Fachverband der Hersteller rezeptfreier Heilmittel SWISS MEDTECH Industrievereinigungen der Medizinaltechnik Interpharma Verband der forschenden pharmazeutischen Firmen der Schweiz Intergenerika Verein zur F\u00f6rderung der Akzeptanz von Generika SBA Swiss Biotech Association scienceindustries Wirtschaftsverband Chemie [&hellip;]<\/p>\n","protected":false},"author":2,"featured_media":0,"parent":0,"menu_order":0,"comment_status":"closed","ping_status":"closed","template":"","meta":{"footnotes":""},"class_list":["post-440","page","type-page","status-publish","hentry","entry"],"_links":{"self":[{"href":"https:\/\/pharmalog.konzeptundgrafik.ch\/index.php\/wp-json\/wp\/v2\/pages\/440","targetHints":{"allow":["GET"]}}],"collection":[{"href":"https:\/\/pharmalog.konzeptundgrafik.ch\/index.php\/wp-json\/wp\/v2\/pages"}],"about":[{"href":"https:\/\/pharmalog.konzeptundgrafik.ch\/index.php\/wp-json\/wp\/v2\/types\/page"}],"author":[{"embeddable":true,"href":"https:\/\/pharmalog.konzeptundgrafik.ch\/index.php\/wp-json\/wp\/v2\/users\/2"}],"replies":[{"embeddable":true,"href":"https:\/\/pharmalog.konzeptundgrafik.ch\/index.php\/wp-json\/wp\/v2\/comments?post=440"}],"version-history":[{"count":7,"href":"https:\/\/pharmalog.konzeptundgrafik.ch\/index.php\/wp-json\/wp\/v2\/pages\/440\/revisions"}],"predecessor-version":[{"id":447,"href":"https:\/\/pharmalog.konzeptundgrafik.ch\/index.php\/wp-json\/wp\/v2\/pages\/440\/revisions\/447"}],"wp:attachment":[{"href":"https:\/\/pharmalog.konzeptundgrafik.ch\/index.php\/wp-json\/wp\/v2\/media?parent=440"}],"curies":[{"name":"wp","href":"https:\/\/api.w.org\/{rel}","templated":true}]}}